{"id":45,"date":"2023-04-23T18:17:00","date_gmt":"2023-04-23T18:17:00","guid":{"rendered":"https:\/\/stage-ngoka054.lnbd.lu\/?page_id=45"},"modified":"2023-05-04T07:56:41","modified_gmt":"2023-05-04T07:56:41","slug":"bts-digital-content","status":"publish","type":"page","link":"https:\/\/stage-ngoka054.lnbd.lu\/?page_id=45","title":{"rendered":"BTS Digital Content"},"content":{"rendered":"\n<p>Le BTS Digital Content est une formation de Brevet Technicien Sup\u00e9rieur d&#8217;une dur\u00e9e de deux ans. Il permet aux \u00e9l\u00e8ves de s&#8217;immerger dans le monde num\u00e9rique afin d&#8217;acqu\u00e9rir toutes les bases n\u00e9cessaires pour travailler dans ce domaine.<\/p>\n\n\n\n<p>\u00c9tant l&#8217;une des premi\u00e8res \u00e0 suivre ce BTS, j&#8217;\u00e9cris ce blog pour vous donner une id\u00e9e de la mani\u00e8re dont j&#8217;ai \u00e9volu\u00e9 au cours de ces deux ann\u00e9es de formation.<\/p>\n\n\n\n<div class=\"wp-block-buttons is-content-justification-right is-layout-flex wp-container-core-buttons-is-layout-765c4724 wp-block-buttons-is-layout-flex\">\n<div class=\"wp-block-button is-style-outline is-style-outline--1\"><a class=\"wp-block-button__link wp-element-button\" href=\"http:\/\/bts.lnbd.lu\">Visiter le site du BTS<\/a><\/div>\n<\/div>\n\n\n\n<div style=\"height:39px\" aria-hidden=\"true\" class=\"wp-block-spacer\"><\/div>\n\n\n\n<figure class=\"wp-block-image alignwide size-large is-style-default\"><img loading=\"lazy\" decoding=\"async\" width=\"1024\" height=\"522\" src=\"https:\/\/stage-ngoka054.lnbd.lu\/wp-content\/uploads\/2023\/04\/cropped-Foto3c-1024x522.jpg\" alt=\"\" class=\"wp-image-124\" srcset=\"https:\/\/stage-ngoka054.lnbd.lu\/wp-content\/uploads\/2023\/04\/cropped-Foto3c-1024x522.jpg 1024w, https:\/\/stage-ngoka054.lnbd.lu\/wp-content\/uploads\/2023\/04\/cropped-Foto3c-300x153.jpg 300w, https:\/\/stage-ngoka054.lnbd.lu\/wp-content\/uploads\/2023\/04\/cropped-Foto3c-768x392.jpg 768w, https:\/\/stage-ngoka054.lnbd.lu\/wp-content\/uploads\/2023\/04\/cropped-Foto3c-1536x783.jpg 1536w, https:\/\/stage-ngoka054.lnbd.lu\/wp-content\/uploads\/2023\/04\/cropped-Foto3c.jpg 1920w\" sizes=\"auto, (max-width: 1024px) 100vw, 1024px\" \/><\/figure>\n","protected":false},"excerpt":{"rendered":"<p>Le BTS Digital Content est une formation de Brevet Technicien Sup\u00e9rieur d&#8217;une dur\u00e9e de deux ans. Il permet aux \u00e9l\u00e8ves de s&#8217;immerger dans le monde num\u00e9rique afin d&#8217;acqu\u00e9rir toutes les bases n\u00e9cessaires pour travailler dans ce domaine. \u00c9tant l&#8217;une des premi\u00e8res \u00e0 suivre ce BTS, j&#8217;\u00e9cris ce blog pour vous donner une id\u00e9e de la [&hellip;]<\/p>\n","protected":false},"author":1,"featured_media":0,"parent":0,"menu_order":0,"comment_status":"closed","ping_status":"closed","template":"","meta":{"footnotes":""},"class_list":["post-45","page","type-page","status-publish","hentry"],"_links":{"self":[{"href":"https:\/\/stage-ngoka054.lnbd.lu\/index.php?rest_route=\/wp\/v2\/pages\/45","targetHints":{"allow":["GET"]}}],"collection":[{"href":"https:\/\/stage-ngoka054.lnbd.lu\/index.php?rest_route=\/wp\/v2\/pages"}],"about":[{"href":"https:\/\/stage-ngoka054.lnbd.lu\/index.php?rest_route=\/wp\/v2\/types\/page"}],"author":[{"embeddable":true,"href":"https:\/\/stage-ngoka054.lnbd.lu\/index.php?rest_route=\/wp\/v2\/users\/1"}],"replies":[{"embeddable":true,"href":"https:\/\/stage-ngoka054.lnbd.lu\/index.php?rest_route=%2Fwp%2Fv2%2Fcomments&post=45"}],"version-history":[{"count":12,"href":"https:\/\/stage-ngoka054.lnbd.lu\/index.php?rest_route=\/wp\/v2\/pages\/45\/revisions"}],"predecessor-version":[{"id":168,"href":"https:\/\/stage-ngoka054.lnbd.lu\/index.php?rest_route=\/wp\/v2\/pages\/45\/revisions\/168"}],"wp:attachment":[{"href":"https:\/\/stage-ngoka054.lnbd.lu\/index.php?rest_route=%2Fwp%2Fv2%2Fmedia&parent=45"}],"curies":[{"name":"wp","href":"https:\/\/api.w.org\/{rel}","templated":true}]}}