{"id":2,"date":"2023-04-20T09:15:38","date_gmt":"2023-04-20T09:15:38","guid":{"rendered":"https:\/\/stage-ngoka054.lnbd.lu\/?page_id=2"},"modified":"2023-05-18T11:55:09","modified_gmt":"2023-05-18T11:55:09","slug":"about","status":"publish","type":"page","link":"https:\/\/stage-ngoka054.lnbd.lu\/?page_id=2","title":{"rendered":"\u00c0 propos"},"content":{"rendered":"\n<p>Salut je m&#8217;appelle Kathy et bienvenue sur mon blog!<\/p>\n\n\n\n<p>Ici je partage mon exp\u00e9rience de stage au sein de la Fondation Follereau \u00e0 Strassen pendant une dur\u00e9e de 12 semaines. Je fais ce stage dans le cadre de mon BTS dans le domaine du contenu digital.<\/p>\n\n\n\n<p>Chaque semaine vous trouverez une ou plusieurs publications qui portent sur ma contribution dans le service de communication de l&#8217;ONG.<\/p>\n\n\n\n<div class=\"wp-block-query is-layout-flow wp-block-query-is-layout-flow\"><ul class=\"wp-block-post-template is-layout-flow wp-block-post-template-is-layout-flow\"><li class=\"wp-block-post post-69 post type-post status-publish format-standard has-post-thumbnail hentry category-information\">\n\n<div class=\"wp-block-columns alignwide is-layout-flex wp-container-core-columns-is-layout-9d6595d7 wp-block-columns-is-layout-flex\">\n<div class=\"wp-block-column is-layout-flow wp-block-column-is-layout-flow\" style=\"flex-basis:66.66%\"><figure class=\"wp-block-post-featured-image\"><a href=\"https:\/\/stage-ngoka054.lnbd.lu\/?p=69\" target=\"_self\"  ><img loading=\"lazy\" decoding=\"async\" width=\"1414\" height=\"2000\" src=\"https:\/\/stage-ngoka054.lnbd.lu\/wp-content\/uploads\/2023\/04\/Untitled-design-9-1.png\" class=\"attachment-post-thumbnail size-post-thumbnail wp-post-image\" alt=\"Suivez-moi dans mon stage \u00e0 la Fondation Follereau!\" style=\"object-fit:cover;\" srcset=\"https:\/\/stage-ngoka054.lnbd.lu\/wp-content\/uploads\/2023\/04\/Untitled-design-9-1.png 1414w, https:\/\/stage-ngoka054.lnbd.lu\/wp-content\/uploads\/2023\/04\/Untitled-design-9-1-212x300.png 212w, https:\/\/stage-ngoka054.lnbd.lu\/wp-content\/uploads\/2023\/04\/Untitled-design-9-1-724x1024.png 724w, https:\/\/stage-ngoka054.lnbd.lu\/wp-content\/uploads\/2023\/04\/Untitled-design-9-1-768x1086.png 768w, https:\/\/stage-ngoka054.lnbd.lu\/wp-content\/uploads\/2023\/04\/Untitled-design-9-1-1086x1536.png 1086w\" sizes=\"auto, (max-width: 1414px) 100vw, 1414px\" \/><\/a><\/figure><\/div>\n\n\n\n<div class=\"wp-block-column is-layout-flow wp-block-column-is-layout-flow\" style=\"flex-basis:33.33%\"><h2 class=\"wp-block-post-title\"><a href=\"https:\/\/stage-ngoka054.lnbd.lu\/?p=69\" target=\"_self\" >Suivez-moi dans mon stage \u00e0 la Fondation Follereau!<\/a><\/h2>\n\n<div class=\"wp-block-post-excerpt\"><p class=\"wp-block-post-excerpt__excerpt\">En tant que stagiaire en communication et relations publiques de 3 mois, je veille \u00e0 ce que les t\u00e2ches suivantes soient effectu\u00e9es<\/p><p class=\"wp-block-post-excerpt__more-text\"><a class=\"wp-block-post-excerpt__more-link\" href=\"https:\/\/stage-ngoka054.lnbd.lu\/?p=69\">Lire plus&#8230;<\/a><\/p><\/div><\/div>\n<\/div>\n\n<\/li><li class=\"wp-block-post post-289 post type-post status-publish format-standard has-post-thumbnail hentry category-journal-video\">\n\n<div class=\"wp-block-columns alignwide is-layout-flex wp-container-core-columns-is-layout-9d6595d7 wp-block-columns-is-layout-flex\">\n<div class=\"wp-block-column is-layout-flow wp-block-column-is-layout-flow\" style=\"flex-basis:66.66%\"><figure class=\"wp-block-post-featured-image\"><a href=\"https:\/\/stage-ngoka054.lnbd.lu\/?p=289\" target=\"_self\"  ><img loading=\"lazy\" decoding=\"async\" width=\"1170\" height=\"648\" src=\"https:\/\/stage-ngoka054.lnbd.lu\/wp-content\/uploads\/2023\/06\/2D403E45-0282-4773-A9B9-AC5DDA32DEBF.jpg\" class=\"attachment-post-thumbnail size-post-thumbnail wp-post-image\" alt=\"VLOG 12 \ud83d\udd1a\" style=\"object-fit:cover;\" srcset=\"https:\/\/stage-ngoka054.lnbd.lu\/wp-content\/uploads\/2023\/06\/2D403E45-0282-4773-A9B9-AC5DDA32DEBF.jpg 1170w, https:\/\/stage-ngoka054.lnbd.lu\/wp-content\/uploads\/2023\/06\/2D403E45-0282-4773-A9B9-AC5DDA32DEBF-300x166.jpg 300w, https:\/\/stage-ngoka054.lnbd.lu\/wp-content\/uploads\/2023\/06\/2D403E45-0282-4773-A9B9-AC5DDA32DEBF-1024x567.jpg 1024w, https:\/\/stage-ngoka054.lnbd.lu\/wp-content\/uploads\/2023\/06\/2D403E45-0282-4773-A9B9-AC5DDA32DEBF-768x425.jpg 768w\" sizes=\"auto, (max-width: 1170px) 100vw, 1170px\" \/><\/a><\/figure><\/div>\n\n\n\n<div class=\"wp-block-column is-layout-flow wp-block-column-is-layout-flow\" style=\"flex-basis:33.33%\"><h2 class=\"wp-block-post-title\"><a href=\"https:\/\/stage-ngoka054.lnbd.lu\/?p=289\" target=\"_self\" >VLOG 12 \ud83d\udd1a<\/a><\/h2>\n\n<div class=\"wp-block-post-excerpt\"><p class=\"wp-block-post-excerpt__excerpt\"><\/p><p class=\"wp-block-post-excerpt__more-text\"><a class=\"wp-block-post-excerpt__more-link\" href=\"https:\/\/stage-ngoka054.lnbd.lu\/?p=289\">Lire plus&#8230;<\/a><\/p><\/div><\/div>\n<\/div>\n\n<\/li><li class=\"wp-block-post post-287 post type-post status-publish format-standard has-post-thumbnail hentry category-experience-de-stage\">\n\n<div class=\"wp-block-columns alignwide is-layout-flex wp-container-core-columns-is-layout-9d6595d7 wp-block-columns-is-layout-flex\">\n<div class=\"wp-block-column is-layout-flow wp-block-column-is-layout-flow\" style=\"flex-basis:66.66%\"><figure class=\"wp-block-post-featured-image\"><a href=\"https:\/\/stage-ngoka054.lnbd.lu\/?p=287\" target=\"_self\"  ><img loading=\"lazy\" decoding=\"async\" width=\"1170\" height=\"852\" src=\"https:\/\/stage-ngoka054.lnbd.lu\/wp-content\/uploads\/2023\/06\/F2F0238E-9CF6-480E-AC9F-43951A6EE7B2.jpg\" class=\"attachment-post-thumbnail size-post-thumbnail wp-post-image\" alt=\"SEMAINE 12 \ud83d\udd1a\" style=\"object-fit:cover;\" srcset=\"https:\/\/stage-ngoka054.lnbd.lu\/wp-content\/uploads\/2023\/06\/F2F0238E-9CF6-480E-AC9F-43951A6EE7B2.jpg 1170w, https:\/\/stage-ngoka054.lnbd.lu\/wp-content\/uploads\/2023\/06\/F2F0238E-9CF6-480E-AC9F-43951A6EE7B2-300x218.jpg 300w, https:\/\/stage-ngoka054.lnbd.lu\/wp-content\/uploads\/2023\/06\/F2F0238E-9CF6-480E-AC9F-43951A6EE7B2-1024x746.jpg 1024w, https:\/\/stage-ngoka054.lnbd.lu\/wp-content\/uploads\/2023\/06\/F2F0238E-9CF6-480E-AC9F-43951A6EE7B2-768x559.jpg 768w\" sizes=\"auto, (max-width: 1170px) 100vw, 1170px\" \/><\/a><\/figure><\/div>\n\n\n\n<div class=\"wp-block-column is-layout-flow wp-block-column-is-layout-flow\" style=\"flex-basis:33.33%\"><h2 class=\"wp-block-post-title\"><a href=\"https:\/\/stage-ngoka054.lnbd.lu\/?p=287\" target=\"_self\" >SEMAINE 12 \ud83d\udd1a<\/a><\/h2>\n\n<div class=\"wp-block-post-excerpt\"><p class=\"wp-block-post-excerpt__excerpt\">On est arriv\u00e9 \u00e0 la fin de mon stage \u00e0 la Fondation Follereau ! \ud83c\udf89 Cette semaine j&#8217;ai \u00e0 nouveau particip\u00e9 \u00e0 une activit\u00e9 au sein d&#8217;un h\u00f4pital partenaire de la FFL. Il s&#8217;agit d&#8217;une remise de cheques suivie par une r\u00e9union avec tous les acteurs concern\u00e9s. Pendant le reste de la semaine j&#8217;ai effectu\u00e9<\/p><p class=\"wp-block-post-excerpt__more-text\"><a class=\"wp-block-post-excerpt__more-link\" href=\"https:\/\/stage-ngoka054.lnbd.lu\/?p=287\">Lire plus&#8230;<\/a><\/p><\/div><\/div>\n<\/div>\n\n<\/li><li class=\"wp-block-post post-285 post type-post status-publish format-standard has-post-thumbnail hentry category-journal-video\">\n\n<div class=\"wp-block-columns alignwide is-layout-flex wp-container-core-columns-is-layout-9d6595d7 wp-block-columns-is-layout-flex\">\n<div class=\"wp-block-column is-layout-flow wp-block-column-is-layout-flow\" style=\"flex-basis:66.66%\"><figure class=\"wp-block-post-featured-image\"><a href=\"https:\/\/stage-ngoka054.lnbd.lu\/?p=285\" target=\"_self\"  ><img loading=\"lazy\" decoding=\"async\" width=\"1170\" height=\"657\" src=\"https:\/\/stage-ngoka054.lnbd.lu\/wp-content\/uploads\/2023\/06\/75053C99-5C0B-4B7E-B1D6-2D0C65BBA881.jpg\" class=\"attachment-post-thumbnail size-post-thumbnail wp-post-image\" alt=\"VLOG 11\" style=\"object-fit:cover;\" srcset=\"https:\/\/stage-ngoka054.lnbd.lu\/wp-content\/uploads\/2023\/06\/75053C99-5C0B-4B7E-B1D6-2D0C65BBA881.jpg 1170w, https:\/\/stage-ngoka054.lnbd.lu\/wp-content\/uploads\/2023\/06\/75053C99-5C0B-4B7E-B1D6-2D0C65BBA881-300x168.jpg 300w, https:\/\/stage-ngoka054.lnbd.lu\/wp-content\/uploads\/2023\/06\/75053C99-5C0B-4B7E-B1D6-2D0C65BBA881-1024x575.jpg 1024w, https:\/\/stage-ngoka054.lnbd.lu\/wp-content\/uploads\/2023\/06\/75053C99-5C0B-4B7E-B1D6-2D0C65BBA881-768x431.jpg 768w\" sizes=\"auto, (max-width: 1170px) 100vw, 1170px\" \/><\/a><\/figure><\/div>\n\n\n\n<div class=\"wp-block-column is-layout-flow wp-block-column-is-layout-flow\" style=\"flex-basis:33.33%\"><h2 class=\"wp-block-post-title\"><a href=\"https:\/\/stage-ngoka054.lnbd.lu\/?p=285\" target=\"_self\" >VLOG 11<\/a><\/h2>\n\n<div class=\"wp-block-post-excerpt\"><p class=\"wp-block-post-excerpt__excerpt\"><\/p><p class=\"wp-block-post-excerpt__more-text\"><a class=\"wp-block-post-excerpt__more-link\" href=\"https:\/\/stage-ngoka054.lnbd.lu\/?p=285\">Lire plus&#8230;<\/a><\/p><\/div><\/div>\n<\/div>\n\n<\/li><\/ul><\/div>\n","protected":false},"excerpt":{"rendered":"<p>Salut je m&#8217;appelle Kathy et bienvenue sur mon blog! Ici je partage mon exp\u00e9rience de stage au sein de la Fondation Follereau \u00e0 Strassen pendant une dur\u00e9e de 12 semaines. Je fais ce stage dans le cadre de mon BTS dans le domaine du contenu digital. Chaque semaine vous trouverez une ou plusieurs publications qui [&hellip;]<\/p>\n","protected":false},"author":1,"featured_media":0,"parent":0,"menu_order":0,"comment_status":"closed","ping_status":"closed","template":"","meta":{"footnotes":""},"class_list":["post-2","page","type-page","status-publish","hentry"],"_links":{"self":[{"href":"https:\/\/stage-ngoka054.lnbd.lu\/index.php?rest_route=\/wp\/v2\/pages\/2","targetHints":{"allow":["GET"]}}],"collection":[{"href":"https:\/\/stage-ngoka054.lnbd.lu\/index.php?rest_route=\/wp\/v2\/pages"}],"about":[{"href":"https:\/\/stage-ngoka054.lnbd.lu\/index.php?rest_route=\/wp\/v2\/types\/page"}],"author":[{"embeddable":true,"href":"https:\/\/stage-ngoka054.lnbd.lu\/index.php?rest_route=\/wp\/v2\/users\/1"}],"replies":[{"embeddable":true,"href":"https:\/\/stage-ngoka054.lnbd.lu\/index.php?rest_route=%2Fwp%2Fv2%2Fcomments&post=2"}],"version-history":[{"count":11,"href":"https:\/\/stage-ngoka054.lnbd.lu\/index.php?rest_route=\/wp\/v2\/pages\/2\/revisions"}],"predecessor-version":[{"id":218,"href":"https:\/\/stage-ngoka054.lnbd.lu\/index.php?rest_route=\/wp\/v2\/pages\/2\/revisions\/218"}],"wp:attachment":[{"href":"https:\/\/stage-ngoka054.lnbd.lu\/index.php?rest_route=%2Fwp%2Fv2%2Fmedia&parent=2"}],"curies":[{"name":"wp","href":"https:\/\/api.w.org\/{rel}","templated":true}]}}